{"id":1509,"date":"2019-01-17T09:31:36","date_gmt":"2019-01-17T12:31:36","guid":{"rendered":"https:\/\/www.urbanhousesuriname.net\/?page_id=1509"},"modified":"2019-02-20T17:05:22","modified_gmt":"2019-02-20T20:05:22","slug":"program-2","status":"publish","type":"page","link":"https:\/\/www.urbanhousesuriname.net\/index.php\/program-2\/","title":{"rendered":"Program"},"content":{"rendered":"<h1>Programma<\/h1>\n<p>Vanuit onze missie hebben we drie programma\u2019s ontwikkeld waarin autonomie en inspraak voor Surinaamse jongeren centraal staan: University of Life, Coworking, en Career Support. Urban House Suriname is een social profitorganisatie, wat betekent dat we geen winstoogmerk hebben, maar in plaats daarvan een ide\u00ebel doel. Omwille van onze maatschappelijke relevantie zal Urban House Suriname Coworking- &amp; Career Support-programma\u2019s tegen een zo laag mogelijke prijs aanbieden. Op die manier wil Urban House Suriname eigen economisch kapitaal ontwikkelen om haar maatschappelijke doelstellingen te kunnen realiseren.<\/p>\n<h2>De drie programmas zijn:<\/h2>\n<p><strong>A. University of Life<\/strong><br \/>\nDit programma van Urban House Suriname heeft tot doel om Surinaamse jongeren te betrekken bij lingu\u00efstische, culturele en artistieke activiteiten om een positieve impact op hun zelfontwikkeling te cre\u00ebren. Dit gebeurt aan de hand van informele en niet-formele vorming. Niet-formele vorming kunnen we hier opvatten als een georganiseerd vormingsproces dat plaats vindt buiten\/naast het reguliere onderwijssysteem en dat niet noodzakelijk leidt tot certificatie.<\/p>\n<p><strong>B. Coworking<\/strong><br \/>\nHet Coworkingprogramma van Urban House Suriname wil jonge, innoverende talenten ondersteunen en stimuleren door het aanbieden van een creatieve omgeving en het voorzien van faciliteiten. Het wil een werkomgeving cre\u00ebren waar je idee\u00ebn makkelijk afgetoetst kunnen worden aan die van coworkers, waar synergie\u00ebn kunnen ontstaan en nieuwe vaardigheden of idee\u00ebn worden opgepikt. Delen is immers het nieuwe geven. Het versterken<br \/>\nen cre\u00ebren van een breed samenwerkingsplatform binnen een ondernemende cultuur is het hoofdkenmerk van het Coworkingprogramma.<\/p>\n<p><strong>C. Career Support<\/strong><br \/>\nDit programma van Urban House Suriname koestert het idee dat iedere jongere uniek is, met eigen vaardigheden, passies en talenten. Via onze workshops, trainingen en mentors zoeken we samen naar een match tussen het talent, de passies en de vaardigheden van deze jongeren enerzijds en de arbeidsmarkt en ondernemerskansen anderzijds.<\/p>\n<p>&nbsp;<\/p>\n","protected":false},"excerpt":{"rendered":"<p>Programma Vanuit onze missie hebben we drie programma\u2019s ontwikkeld waarin autonomie en inspraak voor Surinaamse jongeren centraal staan: University of Life, Coworking,<\/p>\n","protected":false},"author":2,"featured_media":0,"parent":0,"menu_order":0,"comment_status":"closed","ping_status":"closed","template":"100-width.php","meta":{"footnotes":""},"class_list":["post-1509","page","type-page","status-publish","hentry"],"_links":{"self":[{"href":"https:\/\/www.urbanhousesuriname.net\/index.php\/wp-json\/wp\/v2\/pages\/1509","targetHints":{"allow":["GET"]}}],"collection":[{"href":"https:\/\/www.urbanhousesuriname.net\/index.php\/wp-json\/wp\/v2\/pages"}],"about":[{"href":"https:\/\/www.urbanhousesuriname.net\/index.php\/wp-json\/wp\/v2\/types\/page"}],"author":[{"embeddable":true,"href":"https:\/\/www.urbanhousesuriname.net\/index.php\/wp-json\/wp\/v2\/users\/2"}],"replies":[{"embeddable":true,"href":"https:\/\/www.urbanhousesuriname.net\/index.php\/wp-json\/wp\/v2\/comments?post=1509"}],"version-history":[{"count":5,"href":"https:\/\/www.urbanhousesuriname.net\/index.php\/wp-json\/wp\/v2\/pages\/1509\/revisions"}],"predecessor-version":[{"id":1676,"href":"https:\/\/www.urbanhousesuriname.net\/index.php\/wp-json\/wp\/v2\/pages\/1509\/revisions\/1676"}],"wp:attachment":[{"href":"https:\/\/www.urbanhousesuriname.net\/index.php\/wp-json\/wp\/v2\/media?parent=1509"}],"curies":[{"name":"wp","href":"https:\/\/api.w.org\/{rel}","templated":true}]}}